{"id":4837,"date":"2025-04-20T18:39:57","date_gmt":"2025-04-20T16:39:57","guid":{"rendered":"https:\/\/fotografo-alicante.com\/%d0%bf%d0%be%d1%80%d1%82%d1%84%d0%be%d0%bb%d0%b8%d0%be\/"},"modified":"2025-04-25T08:36:26","modified_gmt":"2025-04-25T06:36:26","slug":"portfolio","status":"publish","type":"page","link":"https:\/\/fotografo-alicante.com\/ru\/portfolio\/","title":{"rendered":"\u041f\u043e\u0440\u0442\u0444\u043e\u043b\u0438\u043e"},"content":{"rendered":"\t\t<div data-elementor-type=\"wp-page\" data-elementor-id=\"4837\" class=\"elementor elementor-4837 elementor-4796\" data-elementor-post-type=\"page\">\n\t\t\t\t<div class=\"elementor-element elementor-element-516ec14 e-flex e-con-boxed e-con e-parent\" data-id=\"516ec14\" data-element_type=\"container\">\n\t\t\t\t\t<div class=\"e-con-inner\">\n\t\t\t\t<div class=\"elementor-element elementor-element-0212042 jltma-glass-effect-no elementor-widget elementor-widget-heading\" data-id=\"0212042\" data-element_type=\"widget\" data-widget_type=\"heading.default\">\n\t\t\t\t<div class=\"elementor-widget-container\">\n\t\t\t\t\t<h1 class=\"elementor-heading-title elementor-size-default\">\u041c\u043e\u0435 \u043f\u043e\u0440\u0442\u0444\u043e\u043b\u0438\u043e<\/h1>\t\t\t\t<\/div>\n\t\t\t\t<\/div>\n\t\t\t\t<div class=\"elementor-element elementor-element-cb71457 jltma-glass-effect-no elementor-widget elementor-widget-portfolio-grid\" data-id=\"cb71457\" data-element_type=\"widget\" data-widget_type=\"portfolio-grid.default\">\n\t\t\t\t<div class=\"elementor-widget-container\">\n\t\t\t\t\t<div class=\"gridblock-filter-select-wrap\"><div id=\"gridblock-filters\"><ul class=\"gridblock-filter-categories\"><li class=\"filter-all-control\"><a data-filter=\"*\" data-title=\"All\" href=\"#\"><span class=\"filter-seperator filter-seperator-all\"><\/span>All<\/a><\/li><li  class=\"filter-control filter-category-control filter-children filter-control-children\"><a data-filter=\".filter-66\" data-title=\"Children\" href=\"#\"><span class=\"filter-seperator filter-seperator-main\"><\/span>Children<\/a><\/li><li  class=\"filter-control filter-category-control filter-events filter-control-events\"><a data-filter=\".filter-72\" data-title=\"Events\" href=\"#\"><span class=\"filter-seperator filter-seperator-main\"><\/span>Events<\/a><\/li><li  class=\"filter-control filter-category-control filter-love-story filter-control-love-story\"><a data-filter=\".filter-64\" data-title=\"Love story\" href=\"#\"><span class=\"filter-seperator filter-seperator-main\"><\/span>Love story<\/a><\/li><li  class=\"filter-control filter-category-control filter-portrait filter-control-portrait\"><a data-filter=\".filter-73\" data-title=\"Portrait\" href=\"#\"><span class=\"filter-seperator filter-seperator-main\"><\/span>Portrait<\/a><\/li><li  class=\"filter-control filter-category-control filter-street filter-control-street\"><a data-filter=\".filter-71\" data-title=\"Street\" href=\"#\"><span class=\"filter-seperator filter-seperator-main\"><\/span>Street<\/a><\/li><li  class=\"filter-control filter-category-control filter-studio filter-control-studio\"><a data-filter=\".filter-70\" data-title=\"Studio\" href=\"#\"><span class=\"filter-seperator filter-seperator-main\"><\/span>Studio<\/a><\/li><li  class=\"filter-control filter-category-control filter-weddings filter-control-weddings\"><a data-filter=\".filter-65\" data-title=\"Weddings\" href=\"#\"><span class=\"filter-seperator filter-seperator-main\"><\/span>Weddings<\/a><\/li><\/ul><\/div><\/div><div class=\"portfolio-grid-container lightgallery-container portfolio-gridblock-columns-wrap\"><div id=\"gridblock-container\" class=\"portfolio-gutter-spaced    boxtitle-active has-effect-zoom grid-style-wall-spaced gridblock-three clearfix\" data-columns=\"3\"><div class=\"gridblock-element grid-animate-display-all isotope-displayed gridblock-element-id-4623 gridblock-element-order-1  gridblock-filterable filter-72 filter-71 \" data-portfolio=\"portfolio-4623\" data-id=\"id-2\"><div class=\"gridblock-grid-element gridblock-element-inner\" data-portfolioid=\"4623\"><div class=\"gridblock-background-hover\"><a  class=\"gridblock-sole-link\" href=\"https:\/\/fotografo-alicante.com\/ru\/portfolios\/photo-shoot-at-a-photographer-meetup\/\"><div class=\"gridblock-links-wrap box-title-box-directlink\"><\/div><div class=\"boxtitle-hover\"><div class=\"work-details\"><div class=\"worktype-categories\">Events<\/div><h4>\u0421\u044a\u0451\u043c\u043a\u0430 \u043d\u0430 \u0432\u0441\u0442\u0440\u0435\u0447\u0435 \u0444\u043e\u0442\u043e\u0433\u0440\u0430\u0444\u043e\u0432<\/h4><p class=\"entry-content work-description\"><\/p><\/div><\/div><\/a><\/div><img decoding=\"async\" src=\"https:\/\/fotografo-alicante.com\/wp-content\/themes\/blacksilver\/images\/placeholders\/placeholder-550x770.gif\" data-src=\"https:\/\/fotografo-alicante.com\/wp-content\/uploads\/2025\/02\/IMG_0978-550x770.jpg\" alt=\"\" class=\"displayed-image lazyload\"\/><\/div><\/div><div class=\"gridblock-element grid-animate-display-all isotope-displayed gridblock-element-id-4639 gridblock-element-order-2  gridblock-filterable filter-64 filter-73 filter-71 \" data-portfolio=\"portfolio-4639\" data-id=\"id-3\"><div class=\"gridblock-grid-element gridblock-element-inner\" data-portfolioid=\"4639\"><div class=\"gridblock-background-hover\"><a  class=\"gridblock-sole-link\" href=\"https:\/\/fotografo-alicante.com\/ru\/portfolios\/barefoot-in-the-grass\/\"><div class=\"gridblock-links-wrap box-title-box-directlink\"><\/div><div class=\"boxtitle-hover\"><div class=\"work-details\"><div class=\"worktype-categories\">Love story<\/div><h4>\u0411\u043e\u0441\u0438\u043a\u043e\u043c \u043f\u043e \u0442\u0440\u0430\u0432\u0435<\/h4><p class=\"entry-content work-description\"><\/p><\/div><\/div><\/a><\/div><img decoding=\"async\" src=\"https:\/\/fotografo-alicante.com\/wp-content\/themes\/blacksilver\/images\/placeholders\/placeholder-550x770.gif\" data-src=\"https:\/\/fotografo-alicante.com\/wp-content\/uploads\/2025\/02\/IMG_2148-550x770.jpg\" alt=\"\" class=\"displayed-image lazyload\"\/><\/div><\/div><div class=\"gridblock-element grid-animate-display-all isotope-displayed gridblock-element-id-4657 gridblock-element-order-3  gridblock-filterable filter-66 filter-72 filter-73 filter-71 \" data-portfolio=\"portfolio-4657\" data-id=\"id-4\"><div class=\"gridblock-grid-element gridblock-element-inner\" data-portfolioid=\"4657\"><div class=\"gridblock-background-hover\"><a  class=\"gridblock-sole-link\" href=\"https:\/\/fotografo-alicante.com\/ru\/portfolios\/first-birthday\/\"><div class=\"gridblock-links-wrap box-title-box-directlink\"><\/div><div class=\"boxtitle-hover\"><div class=\"work-details\"><div class=\"worktype-categories\">Children<\/div><h4>\u041f\u0435\u0440\u0432\u044b\u0439 \u0434\u0435\u043d\u044c \u0440\u043e\u0436\u0434\u0435\u043d\u0438\u044f<\/h4><p class=\"entry-content work-description\"><\/p><\/div><\/div><\/a><\/div><img decoding=\"async\" src=\"https:\/\/fotografo-alicante.com\/wp-content\/themes\/blacksilver\/images\/placeholders\/placeholder-550x770.gif\" data-src=\"https:\/\/fotografo-alicante.com\/wp-content\/uploads\/2025\/02\/IMG_8039-148-550x770.jpg\" alt=\"\" class=\"displayed-image lazyload\"\/><\/div><\/div><div class=\"gridblock-element grid-animate-display-all isotope-displayed gridblock-element-id-4687 gridblock-element-order-4  gridblock-filterable filter-73 filter-71 \" data-portfolio=\"portfolio-4687\" data-id=\"id-5\"><div class=\"gridblock-grid-element gridblock-element-inner\" data-portfolioid=\"4687\"><div class=\"gridblock-background-hover\"><a  class=\"gridblock-sole-link\" href=\"https:\/\/fotografo-alicante.com\/ru\/portfolios\/with-alisa-on-the-cliffs\/\"><div class=\"gridblock-links-wrap box-title-box-directlink\"><\/div><div class=\"boxtitle-hover\"><div class=\"work-details\"><div class=\"worktype-categories\">Portrait<\/div><h4>\u0421 \u0410\u043b\u0438\u0441\u043e\u0439 \u043d\u0430 \u0441\u043a\u0430\u043b\u0430\u0445<\/h4><p class=\"entry-content work-description\"><\/p><\/div><\/div><\/a><\/div><img decoding=\"async\" src=\"https:\/\/fotografo-alicante.com\/wp-content\/themes\/blacksilver\/images\/placeholders\/placeholder-550x770.gif\" data-src=\"https:\/\/fotografo-alicante.com\/wp-content\/uploads\/2025\/02\/\u0424\u043e\u0442\u043e-6-1-550x770.jpg\" alt=\"\" class=\"displayed-image lazyload\"\/><\/div><\/div><div class=\"gridblock-element grid-animate-display-all isotope-displayed gridblock-element-id-4703 gridblock-element-order-5  gridblock-filterable filter-73 filter-71 \" data-portfolio=\"portfolio-4703\" data-id=\"id-6\"><div class=\"gridblock-grid-element gridblock-element-inner\" data-portfolioid=\"4703\"><div class=\"gridblock-background-hover\"><a  class=\"gridblock-sole-link\" href=\"https:\/\/fotografo-alicante.com\/ru\/portfolios\/a-walk-by-the-sea\/\"><div class=\"gridblock-links-wrap box-title-box-directlink\"><\/div><div class=\"boxtitle-hover\"><div class=\"work-details\"><div class=\"worktype-categories\">Portrait<\/div><h4>\u041f\u0440\u043e\u0433\u0443\u043b\u043a\u0430 \u0443 \u043c\u043e\u0440\u044f<\/h4><p class=\"entry-content work-description\"><\/p><\/div><\/div><\/a><\/div><img decoding=\"async\" src=\"https:\/\/fotografo-alicante.com\/wp-content\/themes\/blacksilver\/images\/placeholders\/placeholder-550x770.gif\" data-src=\"https:\/\/fotografo-alicante.com\/wp-content\/uploads\/2025\/02\/\u0424\u043e\u0442\u043e-113-550x770.jpg\" alt=\"\" class=\"displayed-image lazyload\"\/><\/div><\/div><div class=\"gridblock-element grid-animate-display-all isotope-displayed gridblock-element-id-4719 gridblock-element-order-6  gridblock-filterable filter-72 filter-73 filter-71 \" data-portfolio=\"portfolio-4719\" data-id=\"id-7\"><div class=\"gridblock-grid-element gridblock-element-inner\" data-portfolioid=\"4719\"><div class=\"gridblock-background-hover\"><a  class=\"gridblock-sole-link\" href=\"https:\/\/fotografo-alicante.com\/ru\/portfolios\/photo-walk-with-julia\/\"><div class=\"gridblock-links-wrap box-title-box-directlink\"><\/div><div class=\"boxtitle-hover\"><div class=\"work-details\"><div class=\"worktype-categories\">Events<\/div><h4>\u0424\u043e\u0442\u043e\u043f\u0440\u043e\u0433\u0443\u043b\u043a\u0430 \u0441 \u042e\u043b\u0438\u0435\u0439<\/h4><p class=\"entry-content work-description\"><\/p><\/div><\/div><\/a><\/div><img decoding=\"async\" src=\"https:\/\/fotografo-alicante.com\/wp-content\/themes\/blacksilver\/images\/placeholders\/placeholder-550x770.gif\" data-src=\"https:\/\/fotografo-alicante.com\/wp-content\/uploads\/2025\/02\/Photo-595-550x770.jpg\" alt=\"\" class=\"displayed-image lazyload\"\/><\/div><\/div><div class=\"gridblock-element grid-animate-display-all isotope-displayed gridblock-element-id-4735 gridblock-element-order-7  gridblock-filterable filter-73 filter-70 \" data-portfolio=\"portfolio-4735\" data-id=\"id-8\"><div class=\"gridblock-grid-element gridblock-element-inner\" data-portfolioid=\"4735\"><div class=\"gridblock-background-hover\"><a  class=\"gridblock-sole-link\" href=\"https:\/\/fotografo-alicante.com\/ru\/portfolios\/color-light-shoot\/\"><div class=\"gridblock-links-wrap box-title-box-directlink\"><\/div><div class=\"boxtitle-hover\"><div class=\"work-details\"><div class=\"worktype-categories\">Portrait<\/div><h4>\u0421\u044a\u0451\u043c\u043a\u0430 \u0441 \u0446\u0432\u0435\u0442\u043d\u044b\u043c \u0441\u0432\u0435\u0442\u043e\u043c<\/h4><p class=\"entry-content work-description\"><\/p><\/div><\/div><\/a><\/div><img decoding=\"async\" src=\"https:\/\/fotografo-alicante.com\/wp-content\/themes\/blacksilver\/images\/placeholders\/placeholder-550x770.gif\" data-src=\"https:\/\/fotografo-alicante.com\/wp-content\/uploads\/2025\/02\/\u0444\u043e\u0442\u043e-9-550x770.jpg\" alt=\"\" class=\"displayed-image lazyload\"\/><\/div><\/div><div class=\"gridblock-element grid-animate-display-all isotope-displayed gridblock-element-id-4751 gridblock-element-order-8  gridblock-filterable filter-64 filter-73 filter-70 filter-65 \" data-portfolio=\"portfolio-4751\" data-id=\"id-9\"><div class=\"gridblock-grid-element gridblock-element-inner\" data-portfolioid=\"4751\"><div class=\"gridblock-background-hover\"><a  class=\"gridblock-sole-link\" href=\"https:\/\/fotografo-alicante.com\/ru\/portfolios\/kateryna-and-dmytros-wedding\/\"><div class=\"gridblock-links-wrap box-title-box-directlink\"><\/div><div class=\"boxtitle-hover\"><div class=\"work-details\"><div class=\"worktype-categories\">Love story<\/div><h4>\u0421\u0432\u0430\u0434\u044c\u0431\u0430 \u041a\u0430\u0442\u0435\u0440\u0438\u043d\u044b \u0438 \u0414\u043c\u0438\u0442\u0440\u0438\u044f<\/h4><p class=\"entry-content work-description\"><\/p><\/div><\/div><\/a><\/div><img decoding=\"async\" src=\"https:\/\/fotografo-alicante.com\/wp-content\/themes\/blacksilver\/images\/placeholders\/placeholder-550x770.gif\" data-src=\"https:\/\/fotografo-alicante.com\/wp-content\/uploads\/2025\/02\/\u0424\u043e\u0442\u043e-20-1-550x770.jpg\" alt=\"\" class=\"displayed-image lazyload\"\/><\/div><\/div><div class=\"gridblock-element grid-animate-display-all isotope-displayed gridblock-element-id-4769 gridblock-element-order-9  gridblock-filterable filter-72 filter-71 \" data-portfolio=\"portfolio-4769\" data-id=\"id-10\"><div class=\"gridblock-grid-element gridblock-element-inner\" data-portfolioid=\"4769\"><div class=\"gridblock-background-hover\"><a  class=\"gridblock-sole-link\" href=\"https:\/\/fotografo-alicante.com\/ru\/portfolios\/yoga-brunch-in-alicante\/\"><div class=\"gridblock-links-wrap box-title-box-directlink\"><\/div><div class=\"boxtitle-hover\"><div class=\"work-details\"><div class=\"worktype-categories\">Events<\/div><h4>\u0419\u043e\u0433\u0430-\u0431\u0440\u0430\u043d\u0447 \u0432 \u0410\u043b\u0438\u043a\u0430\u043d\u0442\u0435<\/h4><p class=\"entry-content work-description\"><\/p><\/div><\/div><\/a><\/div><img decoding=\"async\" src=\"https:\/\/fotografo-alicante.com\/wp-content\/themes\/blacksilver\/images\/placeholders\/placeholder-550x770.gif\" data-src=\"https:\/\/fotografo-alicante.com\/wp-content\/uploads\/2024\/11\/\u0424\u043e\u0442\u043e-216-550x770.jpg\" alt=\"\" class=\"displayed-image lazyload\"\/><\/div><\/div><div class=\"gridblock-element grid-animate-display-all isotope-displayed gridblock-element-id-4785 gridblock-element-order-10  gridblock-filterable filter-73 filter-70 \" data-portfolio=\"portfolio-4785\" data-id=\"id-11\"><div class=\"gridblock-grid-element gridblock-element-inner\" data-portfolioid=\"4785\"><div class=\"gridblock-background-hover\"><a  class=\"gridblock-sole-link\" href=\"https:\/\/fotografo-alicante.com\/ru\/portfolios\/workshop-in-kharkiv\/\"><div class=\"gridblock-links-wrap box-title-box-directlink\"><\/div><div class=\"boxtitle-hover\"><div class=\"work-details\"><div class=\"worktype-categories\">Portrait<\/div><h4>\u041c\u0430\u0441\u0442\u0435\u0440-\u043a\u043b\u0430\u0441\u0441 \u0432 \u0425\u0430\u0440\u044c\u043a\u043e\u0432\u0435<\/h4><p class=\"entry-content work-description\"><\/p><\/div><\/div><\/a><\/div><img decoding=\"async\" src=\"https:\/\/fotografo-alicante.com\/wp-content\/themes\/blacksilver\/images\/placeholders\/placeholder-550x770.gif\" data-src=\"https:\/\/fotografo-alicante.com\/wp-content\/uploads\/2024\/11\/Z50_0065-550x770.jpg\" alt=\"\" class=\"displayed-image lazyload\"\/><\/div><\/div><div class=\"gridblock-element grid-animate-display-all isotope-displayed gridblock-element-id-4552 gridblock-element-order-11  gridblock-filterable filter-73 filter-71 \" data-portfolio=\"portfolio-4552\" data-id=\"id-12\"><div class=\"gridblock-grid-element gridblock-element-inner\" data-portfolioid=\"4552\"><div class=\"gridblock-background-hover\"><a  class=\"gridblock-sole-link\" href=\"https:\/\/fotografo-alicante.com\/ru\/portfolios\/warmth-in-the-middle-of-winter\/\"><div class=\"gridblock-links-wrap box-title-box-directlink\"><\/div><div class=\"boxtitle-hover\"><div class=\"work-details\"><div class=\"worktype-categories\">Portrait<\/div><h4>\u0422\u0435\u043f\u043b\u043e \u0441\u0440\u0435\u0434\u0438 \u0437\u0438\u043c\u044b<\/h4><p class=\"entry-content work-description\"><\/p><\/div><\/div><\/a><\/div><img decoding=\"async\" src=\"https:\/\/fotografo-alicante.com\/wp-content\/themes\/blacksilver\/images\/placeholders\/placeholder-550x770.gif\" data-src=\"https:\/\/fotografo-alicante.com\/wp-content\/uploads\/2025\/02\/IMG_7735-550x770.jpg\" alt=\"\" class=\"displayed-image lazyload\"\/><\/div><\/div><div class=\"gridblock-element grid-animate-display-all isotope-displayed gridblock-element-id-4564 gridblock-element-order-12  gridblock-filterable filter-73 filter-71 \" data-portfolio=\"portfolio-4564\" data-id=\"id-13\"><div class=\"gridblock-grid-element gridblock-element-inner\" data-portfolioid=\"4564\"><div class=\"gridblock-background-hover\"><a  class=\"gridblock-sole-link\" href=\"https:\/\/fotografo-alicante.com\/ru\/portfolios\/cold-wind-warm-smoke\/\"><div class=\"gridblock-links-wrap box-title-box-directlink\"><\/div><div class=\"boxtitle-hover\"><div class=\"work-details\"><div class=\"worktype-categories\">Portrait<\/div><h4>\u0425\u043e\u043b\u043e\u0434\u043d\u044b\u0439 \u0432\u0435\u0442\u0435\u0440, \u0442\u0451\u043f\u043b\u044b\u0439 \u0434\u044b\u043c<\/h4><p class=\"entry-content work-description\"><\/p><\/div><\/div><\/a><\/div><img decoding=\"async\" src=\"https:\/\/fotografo-alicante.com\/wp-content\/themes\/blacksilver\/images\/placeholders\/placeholder-550x770.gif\" data-src=\"https:\/\/fotografo-alicante.com\/wp-content\/uploads\/2025\/02\/IMG_7289-550x770.jpg\" alt=\"\" class=\"displayed-image lazyload\"\/><\/div><\/div><div class=\"gridblock-element grid-animate-display-all isotope-displayed gridblock-element-id-4582 gridblock-element-order-13  gridblock-filterable filter-73 filter-71 \" data-portfolio=\"portfolio-4582\" data-id=\"id-14\"><div class=\"gridblock-grid-element gridblock-element-inner\" data-portfolioid=\"4582\"><div class=\"gridblock-background-hover\"><a  class=\"gridblock-sole-link\" href=\"https:\/\/fotografo-alicante.com\/ru\/portfolios\/in-the-rhythm-of-the-city\/\"><div class=\"gridblock-links-wrap box-title-box-directlink\"><\/div><div class=\"boxtitle-hover\"><div class=\"work-details\"><div class=\"worktype-categories\">Portrait<\/div><h4>\u0412 \u0440\u0438\u0442\u043c\u0435 \u0433\u043e\u0440\u043e\u0434\u0430<\/h4><p class=\"entry-content work-description\"><\/p><\/div><\/div><\/a><\/div><img decoding=\"async\" src=\"https:\/\/fotografo-alicante.com\/wp-content\/themes\/blacksilver\/images\/placeholders\/placeholder-550x770.gif\" data-src=\"https:\/\/fotografo-alicante.com\/wp-content\/uploads\/2025\/02\/IMG_9440-550x770.jpg\" alt=\"\" class=\"displayed-image lazyload\"\/><\/div><\/div><div class=\"gridblock-element grid-animate-display-all isotope-displayed gridblock-element-id-4607 gridblock-element-order-14  gridblock-filterable filter-73 filter-71 \" data-portfolio=\"portfolio-4607\" data-id=\"id-15\"><div class=\"gridblock-grid-element gridblock-element-inner\" data-portfolioid=\"4607\"><div class=\"gridblock-background-hover\"><a  class=\"gridblock-sole-link\" href=\"https:\/\/fotografo-alicante.com\/ru\/portfolios\/lost-evenings\/\"><div class=\"gridblock-links-wrap box-title-box-directlink\"><\/div><div class=\"boxtitle-hover\"><div class=\"work-details\"><div class=\"worktype-categories\">Portrait<\/div><h4>\u041f\u043e\u0442\u0435\u0440\u044f\u043d\u043d\u044b\u0435 \u0432\u0435\u0447\u0435\u0440\u0430<\/h4><p class=\"entry-content work-description\"><\/p><\/div><\/div><\/a><\/div><img decoding=\"async\" src=\"https:\/\/fotografo-alicante.com\/wp-content\/themes\/blacksilver\/images\/placeholders\/placeholder-550x770.gif\" data-src=\"https:\/\/fotografo-alicante.com\/wp-content\/uploads\/2025\/03\/IMG_2171-550x770.jpg\" alt=\"\" class=\"displayed-image lazyload\"\/><\/div><\/div><\/div><\/div>\t\t\t\t<\/div>\n\t\t\t\t<\/div>\n\t\t\t\t\t<\/div>\n\t\t\t\t<\/div>\n\t\t\t\t<\/div>\n\t\t","protected":false},"excerpt":{"rendered":"<p>\u041c\u043e\u0435 \u043f\u043e\u0440\u0442\u0444\u043e\u043b\u0438\u043e All Children Events Love story Portrait Street Studio Weddings Children Primer cumplea\u00f1os Events Yoga brunch en Alicante Portrait Taller en J\u00e1rkiv Love story Descalzas sobre la hierba Events Sesi\u00f3n de fotos en un encuentro de fot\u00f3grafos Love story La boda de Kateryna y Dmytro Portrait Sesi\u00f3n con luz de color Portrait Al ritmo de la ciudad Events Paseo fotogr\u00e1fico con Julia Portrait Calidez en pleno invierno Portrait Paseo junto al mar Portrait Con Alisa en los acantilados Portrait [&hellip;]<\/p>\n","protected":false},"author":3,"featured_media":0,"parent":0,"menu_order":0,"comment_status":"closed","ping_status":"closed","template":"elementor_theme","meta":{"footnotes":""},"class_list":["post-4837","page","type-page","status-publish","hentry"],"_links":{"self":[{"href":"https:\/\/fotografo-alicante.com\/ru\/wp-json\/wp\/v2\/pages\/4837"}],"collection":[{"href":"https:\/\/fotografo-alicante.com\/ru\/wp-json\/wp\/v2\/pages"}],"about":[{"href":"https:\/\/fotografo-alicante.com\/ru\/wp-json\/wp\/v2\/types\/page"}],"author":[{"embeddable":true,"href":"https:\/\/fotografo-alicante.com\/ru\/wp-json\/wp\/v2\/users\/3"}],"replies":[{"embeddable":true,"href":"https:\/\/fotografo-alicante.com\/ru\/wp-json\/wp\/v2\/comments?post=4837"}],"version-history":[{"count":6,"href":"https:\/\/fotografo-alicante.com\/ru\/wp-json\/wp\/v2\/pages\/4837\/revisions"}],"predecessor-version":[{"id":4892,"href":"https:\/\/fotografo-alicante.com\/ru\/wp-json\/wp\/v2\/pages\/4837\/revisions\/4892"}],"wp:attachment":[{"href":"https:\/\/fotografo-alicante.com\/ru\/wp-json\/wp\/v2\/media?parent=4837"}],"curies":[{"name":"wp","href":"https:\/\/api.w.org\/{rel}","templated":true}]}}