{"id":4833,"date":"2025-04-20T18:39:57","date_gmt":"2025-04-20T16:39:57","guid":{"rendered":"https:\/\/fotografo-alicante.com\/portfolio\/"},"modified":"2025-04-25T08:36:21","modified_gmt":"2025-04-25T06:36:21","slug":"portfolio","status":"publish","type":"page","link":"https:\/\/fotografo-alicante.com\/en\/portfolio\/","title":{"rendered":"Portfolio"},"content":{"rendered":"\t\t<div data-elementor-type=\"wp-page\" data-elementor-id=\"4833\" class=\"elementor elementor-4833 elementor-4796\" data-elementor-post-type=\"page\">\n\t\t\t\t<div class=\"elementor-element elementor-element-516ec14 e-flex e-con-boxed e-con e-parent\" data-id=\"516ec14\" data-element_type=\"container\">\n\t\t\t\t\t<div class=\"e-con-inner\">\n\t\t\t\t<div class=\"elementor-element elementor-element-0212042 jltma-glass-effect-no elementor-widget elementor-widget-heading\" data-id=\"0212042\" data-element_type=\"widget\" data-widget_type=\"heading.default\">\n\t\t\t\t<div class=\"elementor-widget-container\">\n\t\t\t\t\t<h1 class=\"elementor-heading-title elementor-size-default\">My portfolio<\/h1>\t\t\t\t<\/div>\n\t\t\t\t<\/div>\n\t\t\t\t<div class=\"elementor-element elementor-element-cb71457 jltma-glass-effect-no elementor-widget elementor-widget-portfolio-grid\" data-id=\"cb71457\" data-element_type=\"widget\" data-widget_type=\"portfolio-grid.default\">\n\t\t\t\t<div class=\"elementor-widget-container\">\n\t\t\t\t\t<div class=\"gridblock-filter-select-wrap\"><div id=\"gridblock-filters\"><ul class=\"gridblock-filter-categories\"><li class=\"filter-all-control\"><a data-filter=\"*\" data-title=\"All\" href=\"#\"><span class=\"filter-seperator filter-seperator-all\"><\/span>All<\/a><\/li><li  class=\"filter-control filter-category-control filter-children filter-control-children\"><a data-filter=\".filter-66\" data-title=\"Children\" href=\"#\"><span class=\"filter-seperator filter-seperator-main\"><\/span>Children<\/a><\/li><li  class=\"filter-control filter-category-control filter-events filter-control-events\"><a data-filter=\".filter-72\" data-title=\"Events\" href=\"#\"><span class=\"filter-seperator filter-seperator-main\"><\/span>Events<\/a><\/li><li  class=\"filter-control filter-category-control filter-love-story filter-control-love-story\"><a data-filter=\".filter-64\" data-title=\"Love story\" href=\"#\"><span class=\"filter-seperator filter-seperator-main\"><\/span>Love story<\/a><\/li><li  class=\"filter-control filter-category-control filter-portrait filter-control-portrait\"><a data-filter=\".filter-73\" data-title=\"Portrait\" href=\"#\"><span class=\"filter-seperator filter-seperator-main\"><\/span>Portrait<\/a><\/li><li  class=\"filter-control filter-category-control filter-street filter-control-street\"><a data-filter=\".filter-71\" data-title=\"Street\" href=\"#\"><span class=\"filter-seperator filter-seperator-main\"><\/span>Street<\/a><\/li><li  class=\"filter-control filter-category-control filter-studio filter-control-studio\"><a data-filter=\".filter-70\" data-title=\"Studio\" href=\"#\"><span class=\"filter-seperator filter-seperator-main\"><\/span>Studio<\/a><\/li><li  class=\"filter-control filter-category-control filter-weddings filter-control-weddings\"><a data-filter=\".filter-65\" data-title=\"Weddings\" href=\"#\"><span class=\"filter-seperator filter-seperator-main\"><\/span>Weddings<\/a><\/li><\/ul><\/div><\/div><div class=\"portfolio-grid-container lightgallery-container portfolio-gridblock-columns-wrap\"><div id=\"gridblock-container\" class=\"portfolio-gutter-spaced    boxtitle-active has-effect-zoom grid-style-wall-spaced gridblock-three clearfix\" data-columns=\"3\"><div class=\"gridblock-element grid-animate-display-all isotope-displayed gridblock-element-id-4615 gridblock-element-order-1  gridblock-filterable filter-72 filter-71 \" data-portfolio=\"portfolio-4615\" data-id=\"id-2\"><div class=\"gridblock-grid-element gridblock-element-inner\" data-portfolioid=\"4615\"><div class=\"gridblock-background-hover\"><a  class=\"gridblock-sole-link\" href=\"https:\/\/fotografo-alicante.com\/en\/portfolios\/photo-shoot-at-a-photographer-meetup\/\"><div class=\"gridblock-links-wrap box-title-box-directlink\"><\/div><div class=\"boxtitle-hover\"><div class=\"work-details\"><div class=\"worktype-categories\">Events<\/div><h4>Photo Shoot at a Photographer Meetup<\/h4><p class=\"entry-content work-description\"><\/p><\/div><\/div><\/a><\/div><img decoding=\"async\" src=\"https:\/\/fotografo-alicante.com\/wp-content\/themes\/blacksilver\/images\/placeholders\/placeholder-550x770.gif\" data-src=\"https:\/\/fotografo-alicante.com\/wp-content\/uploads\/2025\/02\/IMG_0978-550x770.jpg\" alt=\"\" class=\"displayed-image lazyload\"\/><\/div><\/div><div class=\"gridblock-element grid-animate-display-all isotope-displayed gridblock-element-id-4635 gridblock-element-order-2  gridblock-filterable filter-64 filter-73 filter-71 \" data-portfolio=\"portfolio-4635\" data-id=\"id-3\"><div class=\"gridblock-grid-element gridblock-element-inner\" data-portfolioid=\"4635\"><div class=\"gridblock-background-hover\"><a  class=\"gridblock-sole-link\" href=\"https:\/\/fotografo-alicante.com\/en\/portfolios\/barefoot-in-the-grass\/\"><div class=\"gridblock-links-wrap box-title-box-directlink\"><\/div><div class=\"boxtitle-hover\"><div class=\"work-details\"><div class=\"worktype-categories\">Love story<\/div><h4>Barefoot in the Grass<\/h4><p class=\"entry-content work-description\"><\/p><\/div><\/div><\/a><\/div><img decoding=\"async\" src=\"https:\/\/fotografo-alicante.com\/wp-content\/themes\/blacksilver\/images\/placeholders\/placeholder-550x770.gif\" data-src=\"https:\/\/fotografo-alicante.com\/wp-content\/uploads\/2025\/02\/IMG_2148-550x770.jpg\" alt=\"\" class=\"displayed-image lazyload\"\/><\/div><\/div><div class=\"gridblock-element grid-animate-display-all isotope-displayed gridblock-element-id-4653 gridblock-element-order-3  gridblock-filterable filter-66 filter-72 filter-73 filter-71 \" data-portfolio=\"portfolio-4653\" data-id=\"id-4\"><div class=\"gridblock-grid-element gridblock-element-inner\" data-portfolioid=\"4653\"><div class=\"gridblock-background-hover\"><a  class=\"gridblock-sole-link\" href=\"https:\/\/fotografo-alicante.com\/en\/portfolios\/first-birthday\/\"><div class=\"gridblock-links-wrap box-title-box-directlink\"><\/div><div class=\"boxtitle-hover\"><div class=\"work-details\"><div class=\"worktype-categories\">Children<\/div><h4>First Birthday<\/h4><p class=\"entry-content work-description\"><\/p><\/div><\/div><\/a><\/div><img decoding=\"async\" src=\"https:\/\/fotografo-alicante.com\/wp-content\/themes\/blacksilver\/images\/placeholders\/placeholder-550x770.gif\" data-src=\"https:\/\/fotografo-alicante.com\/wp-content\/uploads\/2025\/02\/IMG_8039-148-550x770.jpg\" alt=\"\" class=\"displayed-image lazyload\"\/><\/div><\/div><div class=\"gridblock-element grid-animate-display-all isotope-displayed gridblock-element-id-4683 gridblock-element-order-4  gridblock-filterable filter-73 filter-71 \" data-portfolio=\"portfolio-4683\" data-id=\"id-5\"><div class=\"gridblock-grid-element gridblock-element-inner\" data-portfolioid=\"4683\"><div class=\"gridblock-background-hover\"><a  class=\"gridblock-sole-link\" href=\"https:\/\/fotografo-alicante.com\/en\/portfolios\/with-alisa-on-the-cliffs\/\"><div class=\"gridblock-links-wrap box-title-box-directlink\"><\/div><div class=\"boxtitle-hover\"><div class=\"work-details\"><div class=\"worktype-categories\">Portrait<\/div><h4>With Alisa on the Cliffs<\/h4><p class=\"entry-content work-description\"><\/p><\/div><\/div><\/a><\/div><img decoding=\"async\" src=\"https:\/\/fotografo-alicante.com\/wp-content\/themes\/blacksilver\/images\/placeholders\/placeholder-550x770.gif\" data-src=\"https:\/\/fotografo-alicante.com\/wp-content\/uploads\/2025\/02\/\u0424\u043e\u0442\u043e-6-1-550x770.jpg\" alt=\"\" class=\"displayed-image lazyload\"\/><\/div><\/div><div class=\"gridblock-element grid-animate-display-all isotope-displayed gridblock-element-id-4699 gridblock-element-order-5  gridblock-filterable filter-73 filter-71 \" data-portfolio=\"portfolio-4699\" data-id=\"id-6\"><div class=\"gridblock-grid-element gridblock-element-inner\" data-portfolioid=\"4699\"><div class=\"gridblock-background-hover\"><a  class=\"gridblock-sole-link\" href=\"https:\/\/fotografo-alicante.com\/en\/portfolios\/a-walk-by-the-sea\/\"><div class=\"gridblock-links-wrap box-title-box-directlink\"><\/div><div class=\"boxtitle-hover\"><div class=\"work-details\"><div class=\"worktype-categories\">Portrait<\/div><h4>A Walk by the Sea<\/h4><p class=\"entry-content work-description\"><\/p><\/div><\/div><\/a><\/div><img decoding=\"async\" src=\"https:\/\/fotografo-alicante.com\/wp-content\/themes\/blacksilver\/images\/placeholders\/placeholder-550x770.gif\" data-src=\"https:\/\/fotografo-alicante.com\/wp-content\/uploads\/2025\/02\/\u0424\u043e\u0442\u043e-113-550x770.jpg\" alt=\"\" class=\"displayed-image lazyload\"\/><\/div><\/div><div class=\"gridblock-element grid-animate-display-all isotope-displayed gridblock-element-id-4715 gridblock-element-order-6  gridblock-filterable filter-72 filter-73 filter-71 \" data-portfolio=\"portfolio-4715\" data-id=\"id-7\"><div class=\"gridblock-grid-element gridblock-element-inner\" data-portfolioid=\"4715\"><div class=\"gridblock-background-hover\"><a  class=\"gridblock-sole-link\" href=\"https:\/\/fotografo-alicante.com\/en\/portfolios\/photo-walk-with-julia\/\"><div class=\"gridblock-links-wrap box-title-box-directlink\"><\/div><div class=\"boxtitle-hover\"><div class=\"work-details\"><div class=\"worktype-categories\">Events<\/div><h4>Photo walk with Julia<\/h4><p class=\"entry-content work-description\"><\/p><\/div><\/div><\/a><\/div><img decoding=\"async\" src=\"https:\/\/fotografo-alicante.com\/wp-content\/themes\/blacksilver\/images\/placeholders\/placeholder-550x770.gif\" data-src=\"https:\/\/fotografo-alicante.com\/wp-content\/uploads\/2025\/02\/Photo-595-550x770.jpg\" alt=\"\" class=\"displayed-image lazyload\"\/><\/div><\/div><div class=\"gridblock-element grid-animate-display-all isotope-displayed gridblock-element-id-4731 gridblock-element-order-7  gridblock-filterable filter-73 filter-70 \" data-portfolio=\"portfolio-4731\" data-id=\"id-8\"><div class=\"gridblock-grid-element gridblock-element-inner\" data-portfolioid=\"4731\"><div class=\"gridblock-background-hover\"><a  class=\"gridblock-sole-link\" href=\"https:\/\/fotografo-alicante.com\/en\/portfolios\/color-light-shoot\/\"><div class=\"gridblock-links-wrap box-title-box-directlink\"><\/div><div class=\"boxtitle-hover\"><div class=\"work-details\"><div class=\"worktype-categories\">Portrait<\/div><h4>Color light shoot<\/h4><p class=\"entry-content work-description\"><\/p><\/div><\/div><\/a><\/div><img decoding=\"async\" src=\"https:\/\/fotografo-alicante.com\/wp-content\/themes\/blacksilver\/images\/placeholders\/placeholder-550x770.gif\" data-src=\"https:\/\/fotografo-alicante.com\/wp-content\/uploads\/2025\/02\/\u0444\u043e\u0442\u043e-9-550x770.jpg\" alt=\"\" class=\"displayed-image lazyload\"\/><\/div><\/div><div class=\"gridblock-element grid-animate-display-all isotope-displayed gridblock-element-id-4747 gridblock-element-order-8  gridblock-filterable filter-64 filter-73 filter-70 filter-65 \" data-portfolio=\"portfolio-4747\" data-id=\"id-9\"><div class=\"gridblock-grid-element gridblock-element-inner\" data-portfolioid=\"4747\"><div class=\"gridblock-background-hover\"><a  class=\"gridblock-sole-link\" href=\"https:\/\/fotografo-alicante.com\/en\/portfolios\/kateryna-and-dmytros-wedding\/\"><div class=\"gridblock-links-wrap box-title-box-directlink\"><\/div><div class=\"boxtitle-hover\"><div class=\"work-details\"><div class=\"worktype-categories\">Love story<\/div><h4>Kateryna and Dmytro\u2019s Wedding<\/h4><p class=\"entry-content work-description\"><\/p><\/div><\/div><\/a><\/div><img decoding=\"async\" src=\"https:\/\/fotografo-alicante.com\/wp-content\/themes\/blacksilver\/images\/placeholders\/placeholder-550x770.gif\" data-src=\"https:\/\/fotografo-alicante.com\/wp-content\/uploads\/2025\/02\/\u0424\u043e\u0442\u043e-20-1-550x770.jpg\" alt=\"\" class=\"displayed-image lazyload\"\/><\/div><\/div><div class=\"gridblock-element grid-animate-display-all isotope-displayed gridblock-element-id-4765 gridblock-element-order-9  gridblock-filterable filter-72 filter-71 \" data-portfolio=\"portfolio-4765\" data-id=\"id-10\"><div class=\"gridblock-grid-element gridblock-element-inner\" data-portfolioid=\"4765\"><div class=\"gridblock-background-hover\"><a  class=\"gridblock-sole-link\" href=\"https:\/\/fotografo-alicante.com\/en\/portfolios\/yoga-brunch-in-alicante\/\"><div class=\"gridblock-links-wrap box-title-box-directlink\"><\/div><div class=\"boxtitle-hover\"><div class=\"work-details\"><div class=\"worktype-categories\">Events<\/div><h4>Yoga Brunch in Alicante<\/h4><p class=\"entry-content work-description\"><\/p><\/div><\/div><\/a><\/div><img decoding=\"async\" src=\"https:\/\/fotografo-alicante.com\/wp-content\/themes\/blacksilver\/images\/placeholders\/placeholder-550x770.gif\" data-src=\"https:\/\/fotografo-alicante.com\/wp-content\/uploads\/2024\/11\/\u0424\u043e\u0442\u043e-216-550x770.jpg\" alt=\"\" class=\"displayed-image lazyload\"\/><\/div><\/div><div class=\"gridblock-element grid-animate-display-all isotope-displayed gridblock-element-id-4781 gridblock-element-order-10  gridblock-filterable filter-73 filter-70 \" data-portfolio=\"portfolio-4781\" data-id=\"id-11\"><div class=\"gridblock-grid-element gridblock-element-inner\" data-portfolioid=\"4781\"><div class=\"gridblock-background-hover\"><a  class=\"gridblock-sole-link\" href=\"https:\/\/fotografo-alicante.com\/en\/portfolios\/workshop-in-kharkiv\/\"><div class=\"gridblock-links-wrap box-title-box-directlink\"><\/div><div class=\"boxtitle-hover\"><div class=\"work-details\"><div class=\"worktype-categories\">Portrait<\/div><h4>Workshop in Kharkiv<\/h4><p class=\"entry-content work-description\"><\/p><\/div><\/div><\/a><\/div><img decoding=\"async\" src=\"https:\/\/fotografo-alicante.com\/wp-content\/themes\/blacksilver\/images\/placeholders\/placeholder-550x770.gif\" data-src=\"https:\/\/fotografo-alicante.com\/wp-content\/uploads\/2024\/11\/Z50_0065-550x770.jpg\" alt=\"\" class=\"displayed-image lazyload\"\/><\/div><\/div><div class=\"gridblock-element grid-animate-display-all isotope-displayed gridblock-element-id-4548 gridblock-element-order-11  gridblock-filterable filter-73 filter-71 \" data-portfolio=\"portfolio-4548\" data-id=\"id-12\"><div class=\"gridblock-grid-element gridblock-element-inner\" data-portfolioid=\"4548\"><div class=\"gridblock-background-hover\"><a  class=\"gridblock-sole-link\" href=\"https:\/\/fotografo-alicante.com\/en\/portfolios\/warmth-in-the-middle-of-winter\/\"><div class=\"gridblock-links-wrap box-title-box-directlink\"><\/div><div class=\"boxtitle-hover\"><div class=\"work-details\"><div class=\"worktype-categories\">Portrait<\/div><h4>Warmth in the middle of winter<\/h4><p class=\"entry-content work-description\"><\/p><\/div><\/div><\/a><\/div><img decoding=\"async\" src=\"https:\/\/fotografo-alicante.com\/wp-content\/themes\/blacksilver\/images\/placeholders\/placeholder-550x770.gif\" data-src=\"https:\/\/fotografo-alicante.com\/wp-content\/uploads\/2025\/02\/IMG_7735-550x770.jpg\" alt=\"\" class=\"displayed-image lazyload\"\/><\/div><\/div><div class=\"gridblock-element grid-animate-display-all isotope-displayed gridblock-element-id-4560 gridblock-element-order-12  gridblock-filterable filter-73 filter-71 \" data-portfolio=\"portfolio-4560\" data-id=\"id-13\"><div class=\"gridblock-grid-element gridblock-element-inner\" data-portfolioid=\"4560\"><div class=\"gridblock-background-hover\"><a  class=\"gridblock-sole-link\" href=\"https:\/\/fotografo-alicante.com\/en\/portfolios\/cold-wind-warm-smoke\/\"><div class=\"gridblock-links-wrap box-title-box-directlink\"><\/div><div class=\"boxtitle-hover\"><div class=\"work-details\"><div class=\"worktype-categories\">Portrait<\/div><h4>Cold wind, warm smoke<\/h4><p class=\"entry-content work-description\"><\/p><\/div><\/div><\/a><\/div><img decoding=\"async\" src=\"https:\/\/fotografo-alicante.com\/wp-content\/themes\/blacksilver\/images\/placeholders\/placeholder-550x770.gif\" data-src=\"https:\/\/fotografo-alicante.com\/wp-content\/uploads\/2025\/02\/IMG_7289-550x770.jpg\" alt=\"\" class=\"displayed-image lazyload\"\/><\/div><\/div><div class=\"gridblock-element grid-animate-display-all isotope-displayed gridblock-element-id-4574 gridblock-element-order-13  gridblock-filterable filter-73 filter-71 \" data-portfolio=\"portfolio-4574\" data-id=\"id-14\"><div class=\"gridblock-grid-element gridblock-element-inner\" data-portfolioid=\"4574\"><div class=\"gridblock-background-hover\"><a  class=\"gridblock-sole-link\" href=\"https:\/\/fotografo-alicante.com\/en\/portfolios\/in-the-rhythm-of-the-city\/\"><div class=\"gridblock-links-wrap box-title-box-directlink\"><\/div><div class=\"boxtitle-hover\"><div class=\"work-details\"><div class=\"worktype-categories\">Portrait<\/div><h4>In the Rhythm of the City<\/h4><p class=\"entry-content work-description\"><\/p><\/div><\/div><\/a><\/div><img decoding=\"async\" src=\"https:\/\/fotografo-alicante.com\/wp-content\/themes\/blacksilver\/images\/placeholders\/placeholder-550x770.gif\" data-src=\"https:\/\/fotografo-alicante.com\/wp-content\/uploads\/2025\/02\/IMG_9440-550x770.jpg\" alt=\"\" class=\"displayed-image lazyload\"\/><\/div><\/div><div class=\"gridblock-element grid-animate-display-all isotope-displayed gridblock-element-id-4603 gridblock-element-order-14  gridblock-filterable filter-73 filter-71 \" data-portfolio=\"portfolio-4603\" data-id=\"id-15\"><div class=\"gridblock-grid-element gridblock-element-inner\" data-portfolioid=\"4603\"><div class=\"gridblock-background-hover\"><a  class=\"gridblock-sole-link\" href=\"https:\/\/fotografo-alicante.com\/en\/portfolios\/lost-evenings\/\"><div class=\"gridblock-links-wrap box-title-box-directlink\"><\/div><div class=\"boxtitle-hover\"><div class=\"work-details\"><div class=\"worktype-categories\">Portrait<\/div><h4>Lost evenings<\/h4><p class=\"entry-content work-description\"><\/p><\/div><\/div><\/a><\/div><img decoding=\"async\" src=\"https:\/\/fotografo-alicante.com\/wp-content\/themes\/blacksilver\/images\/placeholders\/placeholder-550x770.gif\" data-src=\"https:\/\/fotografo-alicante.com\/wp-content\/uploads\/2025\/03\/IMG_2171-550x770.jpg\" alt=\"\" class=\"displayed-image lazyload\"\/><\/div><\/div><\/div><\/div>\t\t\t\t<\/div>\n\t\t\t\t<\/div>\n\t\t\t\t\t<\/div>\n\t\t\t\t<\/div>\n\t\t\t\t<\/div>\n\t\t","protected":false},"excerpt":{"rendered":"<p>My portfolio All Children Events Love story Portrait Street Studio Weddings Children Primer cumplea\u00f1os Events Yoga brunch en Alicante Portrait Taller en J\u00e1rkiv Love story Descalzas sobre la hierba Events Sesi\u00f3n de fotos en un encuentro de fot\u00f3grafos Love story La boda de Kateryna y Dmytro Portrait Sesi\u00f3n con luz de color Portrait Al ritmo de la ciudad Events Paseo fotogr\u00e1fico con Julia Portrait Calidez en pleno invierno Portrait Paseo junto al mar Portrait Con Alisa en los acantilados Portrait [&hellip;]<\/p>\n","protected":false},"author":3,"featured_media":0,"parent":0,"menu_order":0,"comment_status":"closed","ping_status":"closed","template":"elementor_theme","meta":{"footnotes":""},"class_list":["post-4833","page","type-page","status-publish","hentry"],"_links":{"self":[{"href":"https:\/\/fotografo-alicante.com\/en\/wp-json\/wp\/v2\/pages\/4833"}],"collection":[{"href":"https:\/\/fotografo-alicante.com\/en\/wp-json\/wp\/v2\/pages"}],"about":[{"href":"https:\/\/fotografo-alicante.com\/en\/wp-json\/wp\/v2\/types\/page"}],"author":[{"embeddable":true,"href":"https:\/\/fotografo-alicante.com\/en\/wp-json\/wp\/v2\/users\/3"}],"replies":[{"embeddable":true,"href":"https:\/\/fotografo-alicante.com\/en\/wp-json\/wp\/v2\/comments?post=4833"}],"version-history":[{"count":6,"href":"https:\/\/fotografo-alicante.com\/en\/wp-json\/wp\/v2\/pages\/4833\/revisions"}],"predecessor-version":[{"id":4889,"href":"https:\/\/fotografo-alicante.com\/en\/wp-json\/wp\/v2\/pages\/4833\/revisions\/4889"}],"wp:attachment":[{"href":"https:\/\/fotografo-alicante.com\/en\/wp-json\/wp\/v2\/media?parent=4833"}],"curies":[{"name":"wp","href":"https:\/\/api.w.org\/{rel}","templated":true}]}}